{"id":531,"date":"2024-04-12T21:14:22","date_gmt":"2024-04-12T21:14:22","guid":{"rendered":"http:\/\/oasisdeldayman.com\/termas\/?page_id=531"},"modified":"2026-01-25T23:58:43","modified_gmt":"2026-01-25T23:58:43","slug":"tarifas","status":"publish","type":"page","link":"https:\/\/oasisdeldayman.com\/termas\/tarifas\/","title":{"rendered":"Tarifas"},"content":{"rendered":"<h2><span style=\"color: #000080;\"><em><strong>Tarifario 2026 (precios por noche)<\/strong><\/em><\/span><\/h2>\n<p><strong>Monoambiente:<\/strong><\/p>\n<ul>\n<li>2 personas desde $ 2700<\/li>\n<\/ul>\n<p><strong>Caba\u00f1as de 1 dormitorio:<\/strong><\/p>\n<ul>\n<li>2 personas desde $ 2700<\/li>\n<li>3 personas desde $ 2900<\/li>\n<\/ul>\n<p><strong>Caba\u00f1as de 2 dormitorio (Capacidad m\u00e1xima 7 personas):<\/strong><\/p>\n<ul>\n<li>2 personas desde $ 3300<\/li>\n<li>3 personas desde $ 3500<\/li>\n<li>4 personas desde $ 3700<\/li>\n<li>5 personas desde $ 3900<\/li>\n<li>6 personas desde $ 4100<\/li>\n<li>7 personas desde $ 4300<\/li>\n<\/ul>\n<h6><strong><em><span style=\"color: #000080;\">Tarifas sujetas a variaci\u00f3n seg\u00fan feriados, tarifas de verano, semana de turismo, carnaval y vacaciones julio y setiembre<\/span><\/em><\/strong><\/h6>\n","protected":false},"excerpt":{"rendered":"<p>Tarifario 2026 (precios por noche) Monoambiente: 2 personas desde $ 2700 Caba\u00f1as de 1 dormitorio: 2 personas desde $ 2700 3 personas desde $ 2900 Caba\u00f1as de 2 dormitorio (Capacidad m\u00e1xima 7 personas): 2 personas desde $ 3300 3 personas desde $ 3500 4 personas desde $ 3700 5 personas desde $ 3900 6 personas [&hellip;]<\/p>\n","protected":false},"author":3,"featured_media":0,"parent":0,"menu_order":0,"comment_status":"closed","ping_status":"closed","template":"","meta":{"site-sidebar-layout":"no-sidebar","site-content-layout":"page-builder","ast-site-content-layout":"full-width-container","site-content-style":"unboxed","site-sidebar-style":"unboxed","ast-global-header-display":"","ast-banner-title-visibility":"","ast-main-header-display":"","ast-hfb-above-header-display":"","ast-hfb-below-header-display":"","ast-hfb-mobile-header-display":"","site-post-title":"disabled","ast-breadcrumbs-content":"","ast-featured-img":"disabled","footer-sml-layout":"","ast-disable-related-posts":"","theme-transparent-header-meta":"","adv-header-id-meta":"","stick-header-meta":"","header-above-stick-meta":"","header-main-stick-meta":"","header-below-stick-meta":"","astra-migrate-meta-layouts":"set","ast-page-background-enabled":"default","ast-page-background-meta":{"desktop":{"background-color":"","background-image":"","background-repeat":"repeat","background-position":"center center","background-size":"auto","background-attachment":"scroll","background-type":"","background-media":"","overlay-type":"","overlay-color":"","overlay-opacity":"","overlay-gradient":""},"tablet":{"background-color":"","background-image":"","background-repeat":"repeat","background-position":"center center","background-size":"auto","background-attachment":"scroll","background-type":"","background-media":"","overlay-type":"","overlay-color":"","overlay-opacity":"","overlay-gradient":""},"mobile":{"background-color":"","background-image":"","background-repeat":"repeat","background-position":"center center","background-size":"auto","background-attachment":"scroll","background-type":"","background-media":"","overlay-type":"","overlay-color":"","overlay-opacity":"","overlay-gradient":""}},"ast-content-background-meta":{"desktop":{"background-color":"var(--ast-global-color-5)","background-image":"","background-repeat":"repeat","background-position":"center center","background-size":"auto","background-attachment":"scroll","background-type":"","background-media":"","overlay-type":"","overlay-color":"","overlay-opacity":"","overlay-gradient":""},"tablet":{"background-color":"var(--ast-global-color-5)","background-image":"","background-repeat":"repeat","background-position":"center center","background-size":"auto","background-attachment":"scroll","background-type":"","background-media":"","overlay-type":"","overlay-color":"","overlay-opacity":"","overlay-gradient":""},"mobile":{"background-color":"var(--ast-global-color-5)","background-image":"","background-repeat":"repeat","background-position":"center center","background-size":"auto","background-attachment":"scroll","background-type":"","background-media":"","overlay-type":"","overlay-color":"","overlay-opacity":"","overlay-gradient":""}},"_joinchat":[],"footnotes":""},"class_list":["post-531","page","type-page","status-publish","hentry"],"_links":{"self":[{"href":"https:\/\/oasisdeldayman.com\/termas\/wp-json\/wp\/v2\/pages\/531","targetHints":{"allow":["GET"]}}],"collection":[{"href":"https:\/\/oasisdeldayman.com\/termas\/wp-json\/wp\/v2\/pages"}],"about":[{"href":"https:\/\/oasisdeldayman.com\/termas\/wp-json\/wp\/v2\/types\/page"}],"author":[{"embeddable":true,"href":"https:\/\/oasisdeldayman.com\/termas\/wp-json\/wp\/v2\/users\/3"}],"replies":[{"embeddable":true,"href":"https:\/\/oasisdeldayman.com\/termas\/wp-json\/wp\/v2\/comments?post=531"}],"version-history":[{"count":39,"href":"https:\/\/oasisdeldayman.com\/termas\/wp-json\/wp\/v2\/pages\/531\/revisions"}],"predecessor-version":[{"id":685,"href":"https:\/\/oasisdeldayman.com\/termas\/wp-json\/wp\/v2\/pages\/531\/revisions\/685"}],"wp:attachment":[{"href":"https:\/\/oasisdeldayman.com\/termas\/wp-json\/wp\/v2\/media?parent=531"}],"curies":[{"name":"wp","href":"https:\/\/api.w.org\/{rel}","templated":true}]}}